{"id":399,"date":"2024-09-06T20:23:23","date_gmt":"2024-09-06T20:23:23","guid":{"rendered":"http:\/\/poyrazmaden.com\/?page_id=399"},"modified":"2024-11-04T09:27:44","modified_gmt":"2024-11-04T09:27:44","slug":"about-us","status":"publish","type":"page","link":"https:\/\/poyrazmaden.com\/tr\/about-us\/","title":{"rendered":"Hakk\u0131m\u0131zda"},"content":{"rendered":"<p>[et_pb_section fb_built=&#8221;1&#8243; admin_label=&#8221;Feature&#8221; _builder_version=&#8221;4.27.0&#8243; _module_preset=&#8221;default&#8221; hover_enabled=&#8221;0&#8243; locked=&#8221;off&#8221; collapsed=&#8221;on&#8221; global_colors_info=&#8221;{}&#8221; background_color=&#8221;#f4f4f4&#8243; sticky_enabled=&#8221;0&#8243;][et_pb_row column_structure=&#8221;1_2,1_2&#8243; _builder_version=&#8221;4.22.0&#8243; _module_preset=&#8221;default&#8221; global_colors_info=&#8221;{}&#8221;][et_pb_column type=&#8221;1_2&#8243; _builder_version=&#8221;4.22.0&#8243; _module_preset=&#8221;default&#8221; global_colors_info=&#8221;{}&#8221;][et_pb_image src=&#8221;https:\/\/poyrazmaden.com\/wp-content\/uploads\/2024\/09\/about-us.jpg&#8221; title_text=&#8221;about-us&#8221; show_bottom_space=&#8221;off&#8221; _builder_version=&#8221;4.27.0&#8243; _module_preset=&#8221;default&#8221; custom_margin=&#8221;|20%|-40%|-20%|false|false&#8221; global_colors_info=&#8221;{}&#8221;][\/et_pb_image][et_pb_image src=&#8221;https:\/\/poyrazmaden.com\/wp-content\/uploads\/2024\/09\/zinc.jpg&#8221; title_text=&#8221;zinc&#8221; align=&#8221;right&#8221; _builder_version=&#8221;4.27.0&#8243; _module_preset=&#8221;default&#8221; width=&#8221;60%&#8221; global_colors_info=&#8221;{}&#8221;][\/et_pb_image][\/et_pb_column][et_pb_column type=&#8221;1_2&#8243; _builder_version=&#8221;4.22.0&#8243; _module_preset=&#8221;default&#8221; global_colors_info=&#8221;{}&#8221;][et_pb_text _builder_version=&#8221;4.27.0&#8243; _dynamic_attributes=&#8221;content&#8221; _module_preset=&#8221;26aa3af7-2afb-4d0a-8501-1c868e252119&#8243; text_font=&#8221;||||||||&#8221; text_text_color=&#8221;#000000&#8243; text_font_size=&#8221;47px&#8221; text_line_height=&#8221;1.5em&#8221; custom_margin=&#8221;||10px||false|false&#8221; global_colors_info=&#8221;{}&#8221;]@ET-DC@eyJkeW5hbWljIjp0cnVlLCJjb250ZW50IjoicG9zdF90aXRsZSIsInNldHRpbmdzIjp7ImJlZm9yZSI6IiIsImFmdGVyIjoiIn19@[\/et_pb_text][et_pb_text _builder_version=&#8221;4.27.0&#8243; _module_preset=&#8221;b104ef37-d0ef-4d09-8d3e-5689cc263159&#8243; hover_enabled=&#8221;0&#8243; global_colors_info=&#8221;{}&#8221; sticky_enabled=&#8221;0&#8243;]<\/p>\n<p>2021 y\u0131l\u0131nda kurulan Poyraz Maden, end\u00fcstriyel hammaddeler ve maden kimyasallar\u0131 tedarikinde uzmanla\u015fm\u0131\u015f bir firma olup, sekt\u00f6re y\u00f6nelik teknik dan\u0131\u015fmanl\u0131k hizmetleri sunmaktad\u0131r. Kurulu\u015fumuzdan bu yana, k\u0131sa s\u00fcrede sekt\u00f6rdeki yerimizi sa\u011flamla\u015ft\u0131rarak g\u00fcvenilir i\u015f ortakl\u0131klar\u0131 kurduk ve m\u00fc\u015fterilerimize s\u00fcrd\u00fcr\u00fclebilir, yenilik\u00e7i \u00e7\u00f6z\u00fcmler sunduk. Maden ve kimya sekt\u00f6rlerinde g\u00fcven, kalite ve s\u00fcrd\u00fcr\u00fclebilirli\u011fi temel prensiplerimiz olarak benimsiyoruz.<\/p>\n<p><strong>Misyonumuz <\/strong>ortaklar\u0131m\u0131zla i\u015f birli\u011fi yaparak yenilik\u00e7i ve verimli madencilik \u00e7\u00f6z\u00fcmleri sunarak d\u00fcnya \u00e7ap\u0131nda end\u00fcstriyel \u00fcretimi desteklemektir. M\u00fc\u015fterilerimizin y\u00fcksek kaliteli hammaddeler ve kimyasal \u00fcr\u00fcnler sa\u011flayarak operasyonlar\u0131n\u0131 optimize etmelerine yard\u0131mc\u0131 oluyoruz.<\/p>\n<p><strong>Vizyonumuz<\/strong> madencilik ve kimya end\u00fcstrilerinde hem \u00e7evresel sorumluluk hem de ekonomik verimlilik yoluyla \u00f6nemli bir etki yaratarak uluslararas\u0131 pazarda lider bir oyuncu olmakt\u0131r. Sekt\u00f6r\u00fcm\u00fczdeki en prestijli firmalarla ortakl\u0131k yaparak uzun vadeli ve s\u00fcrd\u00fcr\u00fclebilir \u00e7\u00f6z\u00fcmler geli\u015ftirmeye devam ediyoruz.<\/p>\n<p>[\/et_pb_text][\/et_pb_column][\/et_pb_row][et_pb_row column_structure=&#8221;1_2,1_2&#8243; _builder_version=&#8221;4.27.0&#8243; _module_preset=&#8221;default&#8221; custom_padding=&#8221;85px|||||&#8221; global_colors_info=&#8221;{}&#8221;][et_pb_column type=&#8221;1_2&#8243; _builder_version=&#8221;4.27.0&#8243; _module_preset=&#8221;default&#8221; global_colors_info=&#8221;{}&#8221;][et_pb_text _builder_version=&#8221;4.27.0&#8243; _module_preset=&#8221;26aa3af7-2afb-4d0a-8501-1c868e252119&#8243; text_font=&#8221;||||||||&#8221; text_text_color=&#8221;#000000&#8243; text_font_size=&#8221;35px&#8221; text_line_height=&#8221;1.5em&#8221; custom_margin=&#8221;||10px||false|false&#8221; global_colors_info=&#8221;{}&#8221;]<\/p>\n<p>Neler Sunuyoruz?<\/p>\n<p>[\/et_pb_text][et_pb_text _builder_version=&#8221;4.27.0&#8243; _module_preset=&#8221;b104ef37-d0ef-4d09-8d3e-5689cc263159&#8243; global_colors_info=&#8221;{}&#8221;]<\/p>\n<p><strong>End\u00fcstriyel Hammaddeler<\/strong>:\u00dcretim s\u00fcre\u00e7lerinizi kaliteli malzemelerle g\u00fc\u00e7lendiriyoruz.<\/p>\n<p><strong>Madencilik Kimyasallar\u0131<\/strong>:Operasyonel verimlili\u011fi art\u0131ran s\u00fcrd\u00fcr\u00fclebilir kimyasal \u00e7\u00f6z\u00fcmler sunmak.<\/p>\n<p><strong>Teknik Dan\u0131\u015fmanl\u0131k<\/strong>:Operasyonel s\u00fcre\u00e7lerinizi iyile\u015ftirmek ve optimize etmek i\u00e7in uzman ekibimizle profesyonel dan\u0131\u015fmanl\u0131k hizmetleri sunuyoruz.<\/p>\n<p>[\/et_pb_text][\/et_pb_column][et_pb_column type=&#8221;1_2&#8243; _builder_version=&#8221;4.27.0&#8243; _module_preset=&#8221;default&#8221; global_colors_info=&#8221;{}&#8221;][et_pb_image src=&#8221;https:\/\/poyrazmaden.com\/wp-content\/uploads\/2024\/10\/Mineral-Processing-EPC-Ana-Sayfa-Slaytlardaki.jpg&#8221; title_text=&#8221;Mineral-Processing-EPC-(Ana-Sayfa-Slaytlardaki)&#8221; _builder_version=&#8221;4.27.0&#8243; _module_preset=&#8221;default&#8221; global_colors_info=&#8221;{}&#8221;][\/et_pb_image][\/et_pb_column][\/et_pb_row][et_pb_row column_structure=&#8221;1_2,1_2&#8243; _builder_version=&#8221;4.27.0&#8243; _module_preset=&#8221;default&#8221; custom_margin=&#8221;82px|auto||auto||&#8221; global_colors_info=&#8221;{}&#8221;][et_pb_column type=&#8221;1_2&#8243; _builder_version=&#8221;4.27.0&#8243; _module_preset=&#8221;default&#8221; global_colors_info=&#8221;{}&#8221;][et_pb_image src=&#8221;https:\/\/poyrazmaden.com\/wp-content\/uploads\/2024\/09\/Steel-Grinding-Ball.jpg&#8221; title_text=&#8221;Steel Grinding Ball&#8221; _builder_version=&#8221;4.27.0&#8243; _module_preset=&#8221;default&#8221; global_colors_info=&#8221;{}&#8221;][\/et_pb_image][\/et_pb_column][et_pb_column type=&#8221;1_2&#8243; _builder_version=&#8221;4.27.0&#8243; _module_preset=&#8221;default&#8221; global_colors_info=&#8221;{}&#8221;][et_pb_text _builder_version=&#8221;4.27.0&#8243; _module_preset=&#8221;26aa3af7-2afb-4d0a-8501-1c868e252119&#8243; text_font=&#8221;||||||||&#8221; text_text_color=&#8221;#000000&#8243; text_font_size=&#8221;35px&#8221; text_line_height=&#8221;1.5em&#8221; custom_margin=&#8221;||10px||false|false&#8221; global_colors_info=&#8221;{}&#8221;]<\/p>\n<p>\u0130\u015fbirli\u011fi Yapt\u0131\u011f\u0131m\u0131z Firmalar<\/p>\n<p>[\/et_pb_text][et_pb_text _builder_version=&#8221;4.27.0&#8243; _module_preset=&#8221;b104ef37-d0ef-4d09-8d3e-5689cc263159&#8243; global_colors_info=&#8221;{}&#8221;]<\/p>\n<p>Poyraz Maden olarak, sekt\u00f6rdeki en prestijli firmalarla g\u00fc\u00e7l\u00fc i\u015fbirlikleri geli\u015ftirdik. \u0130\u015f ortaklar\u0131m\u0131zla birlikte, en yeni teknolojiler ve en y\u00fcksek kalite standartlar\u0131n\u0131 bir araya getirerek, m\u00fc\u015fterilerimize sekt\u00f6rde fark yaratan \u00e7\u00f6z\u00fcmler sunuyoruz. \u0130\u015fbirliklerimiz, sadece \u00fcr\u00fcn tedariki ile s\u0131n\u0131rl\u0131 kalmay\u0131p, ayn\u0131 zamanda operasyonel verimlili\u011fi art\u0131rma ve s\u00fcrd\u00fcr\u00fclebilir projeler geli\u015ftirme konular\u0131nda da katk\u0131 sa\u011flamaktad\u0131r.<\/p>\n<p>[\/et_pb_text][et_pb_text _builder_version=&#8221;4.27.0&#8243; _module_preset=&#8221;26aa3af7-2afb-4d0a-8501-1c868e252119&#8243; text_font=&#8221;||||||||&#8221; text_text_color=&#8221;#000000&#8243; text_font_size=&#8221;35px&#8221; text_line_height=&#8221;1.5em&#8221; custom_margin=&#8221;||10px||false|false&#8221; global_colors_info=&#8221;{}&#8221;]<\/p>\n<p>Neden Poyraz Maden?<\/p>\n<p>[\/et_pb_text][et_pb_text _builder_version=&#8221;4.27.0&#8243; _module_preset=&#8221;b104ef37-d0ef-4d09-8d3e-5689cc263159&#8243; global_colors_info=&#8221;{}&#8221;]<\/p>\n<p>2021'den bu yana, g\u00fcvenilirlik ve m\u00fc\u015fteri memnuniyeti odakl\u0131 yakla\u015f\u0131m\u0131m\u0131zla sekt\u00f6r\u00fcn \u00f6nemli akt\u00f6rlerinden biri haline geldik. Alan\u0131nda uzman kadromuz ve i\u015fbirli\u011fi yapt\u0131\u011f\u0131m\u0131z sayg\u0131n firmalarla, projelerinizin her a\u015famas\u0131nda size destek sunuyoruz. Do\u011fadan gelen g\u00fc\u00e7le, end\u00fcstriye y\u00f6n veren \u00e7\u00f6z\u00fcmlerle gelece\u011fi in\u015fa ediyoruz.<\/p>\n<p>[\/et_pb_text][et_pb_button button_url=&#8221;@ET-DC@eyJkeW5hbWljIjp0cnVlLCJjb250ZW50IjoicG9zdF9saW5rX3VybF9wYWdlIiwic2V0dGluZ3MiOnsicG9zdF9pZCI6IjM5MSJ9fQ==@&#8221; url_new_window=&#8221;on&#8221; button_text=&#8221;Contact us&#8221; _builder_version=&#8221;4.27.0&#8243; _dynamic_attributes=&#8221;button_url&#8221; _module_preset=&#8221;3a6b7273-f101-43f8-8d8f-e3d3c8771183&#8243; button_font=&#8221;|600|||||||&#8221; global_colors_info=&#8221;{}&#8221;][\/et_pb_button][\/et_pb_column][\/et_pb_row][\/et_pb_section]<\/p>","protected":false},"excerpt":{"rendered":"<p>Founded in 2021, Poyraz Maden specializes in the supply of industrial raw materials and mining chemicals, and offers sector-specific technical consultancy services. Since our inception, we have established a solid presence in the industry by forming reliable partnerships and providing innovative, sustainable solutions. We are committed to the principles of trust, quality, and sustainability in [&hellip;]<\/p>","protected":false},"author":1,"featured_media":0,"parent":0,"menu_order":0,"comment_status":"closed","ping_status":"closed","template":"","meta":{"_et_pb_use_builder":"on","_et_pb_old_content":"<!-- wp:divi\/placeholder \/-->","_et_gb_content_width":"","footnotes":""},"class_list":["post-399","page","type-page","status-publish","hentry"],"_links":{"self":[{"href":"https:\/\/poyrazmaden.com\/tr\/wp-json\/wp\/v2\/pages\/399","targetHints":{"allow":["GET"]}}],"collection":[{"href":"https:\/\/poyrazmaden.com\/tr\/wp-json\/wp\/v2\/pages"}],"about":[{"href":"https:\/\/poyrazmaden.com\/tr\/wp-json\/wp\/v2\/types\/page"}],"author":[{"embeddable":true,"href":"https:\/\/poyrazmaden.com\/tr\/wp-json\/wp\/v2\/users\/1"}],"replies":[{"embeddable":true,"href":"https:\/\/poyrazmaden.com\/tr\/wp-json\/wp\/v2\/comments?post=399"}],"version-history":[{"count":17,"href":"https:\/\/poyrazmaden.com\/tr\/wp-json\/wp\/v2\/pages\/399\/revisions"}],"predecessor-version":[{"id":697,"href":"https:\/\/poyrazmaden.com\/tr\/wp-json\/wp\/v2\/pages\/399\/revisions\/697"}],"wp:attachment":[{"href":"https:\/\/poyrazmaden.com\/tr\/wp-json\/wp\/v2\/media?parent=399"}],"curies":[{"name":"wp","href":"https:\/\/api.w.org\/{rel}","templated":true}]}}