{"id":100,"date":"2024-09-02T19:42:28","date_gmt":"2024-09-02T19:42:28","guid":{"rendered":"http:\/\/poyrazmaden.com\/?page_id=100"},"modified":"2025-10-14T14:39:38","modified_gmt":"2025-10-14T14:39:38","slug":"consulting-services","status":"publish","type":"page","link":"https:\/\/poyrazmaden.com\/tr\/consulting-services\/","title":{"rendered":"Dan\u0131\u015fmanl\u0131k Hizmetleri"},"content":{"rendered":"<p>[et_pb_section fb_built=\u201d1\u2033 admin_label=\u201d\u00d6zellik\u201d _builder_version=\u201d4.27.0\u2033 _module_preset=\u201dvarsay\u0131lan\u201d background_color=\u201d#f4f4f4\u2033 locked=\u201doff\u201d collapsed=\u201don\u201d global_colors_info=\u201d{}\u201d][et_pb_row column_structure=\u201d1_2,1_2\u2033 _builder_version=\u201d4.22.0\u2033 _module_preset=\u201dvarsay\u0131lan\u201d global_colors_info=\u201d{}\u201d][et_pb_column type=\u201d1_2\u2033 _builder_version=\u201d4.22.0\u2033 _module_preset=\u201dvarsay\u0131lan\u201d global_colors_info=\u201d{}\u201d][et_pb_image src=\u201dhttps:\/\/poyrazmaden.com\/wp-content\/uploads\/2024\/10\/Dan\u0131\u015fmanl\u0131k-Hizmetleri-1.jpg\u201d title_text=\u201dDan\u0131\u015fmanl\u0131k-Hizmetleri\u201d show_bottom_space=\u201doff\u201d _builder_version=\u201d4.27.0\u2033 _module_preset=\u201ddefault\u201d custom_margin=\u201d|20%|-40%|-20%|false|false\u201d global_colors_info=\u201d{}\u201d][\/et_pb_image][\/et_pb_column][et_pb_column type=\u201d1_2\u2033 _builder_version=\u201d4.22.0\u2033 _module_preset=\u201ddefault\u201d global_colors_info=\u201d{}\u201d][et_pb_text _builder_version=\u201d4.27.0\u2033 _dinamik_\u00f6znitelikler=\u201di\u00e7erik\u201d _mod\u00fcl_\u00f6nayar\u0131=\u201d26aa3af7-2afb-4d0a-8501-1c868e252119\u2033 metin_yaz\u0131_tipi=\u201d||||||||\u201d text_text_color=\u201d#000000\u2033 text_font_size=\u201d47px\u201d text_line_height=\u201d1.5em\u201d custom_margin=\u201d||10px||false|false\u201d global_colors_info=\u201d{}\u201d]@ET-DC@eyJkeW5hbWljIjp0cnVlLCJjb250ZW50IjoicG9zdF90aXRsZSIsInNldHRpbmdzIjp7ImJlZm9yZSI6IiIsImFmdGVyIjoiIn19@[\/et_pb_text][et_pb_text _builder_version=\u201d4.27.0\u2033 _module_preset=\u201db104ef37-d0ef-4d09-8d3e-5689cc263159\u2033 global_colors_info=\u201d{}\u201d]<\/p>\n<p>Poyraz Maden, 2022 y\u0131l\u0131nda kurulan, sekt\u00f6rde 40 y\u0131l\u0131 a\u015fk\u0131n deneyime sahip, ana hedefi end\u00fcstriyel mineraller, baz metaller ve alt\u0131n i\u00e7in uluslararas\u0131 standartlarda arama, madencilik ve mineral i\u015fleme alan\u0131nda hizmet \u00fcretmek olan uluslararas\u0131 ba\u011f\u0131ms\u0131z bir m\u00fchendislik, strateji ve dan\u0131\u015fmanl\u0131k \u015firketidir.<\/p>\n<p>\u2013 Strateji geli\u015ftirme<br \/>\u2013 Ara\u015ft\u0131rma ve geli\u015ftirme<br \/>\u2013 Maden \u0130\u015fleme testleri<br \/>\u2013 Kapsam \u00e7al\u0131\u015fmas\u0131<br \/>\u2013 Ekonomik \u00d6n De\u011ferlendirme<br \/>\u2013 Ekonomi \u00d6ncesi \u00c7al\u0131\u015fma<br \/>\u2013 Fizibilite \u00c7al\u0131\u015fmas\u0131<br \/>\u2013 EPC Dan\u0131\u015fmanl\u0131\u011f\u0131<br \/>\u2013 Y\u00f6netim dan\u0131\u015fmanl\u0131\u011f\u0131<br \/>\u2013 Tedarik dan\u0131\u015fmanl\u0131\u011f\u0131<\/p>\n<p>[\/et_pb_text][et_pb_button button_url=\u201dhttps:\/\/poyrazmaden.com\/iletisim\u201d url_new_window=\u201don\u201d button_text=\u201dBize Ula\u015f\u0131n\u201d _builder_version=\u201d4.27.0\u2033 _module_preset=\u201d3a6b7273-f101-43f8-8d8f-e3d3c8771183\u2033 button_font=\u201d|600|||||||\u201d hover_enabled=\u201d0\u2033 global_colors_info=\u201d{}\u201d sticky_enabled=\u201d0\u2033][\/et_pb_button][\/et_pb_column][\/et_pb_row][\/et_pb_section]<\/p>","protected":false},"excerpt":{"rendered":"<p>Poyraz Maden, 2022 y\u0131l\u0131nda kurulan, sekt\u00f6rde 40 y\u0131l\u0131 a\u015fk\u0131n deneyime sahip, ana hedefi end\u00fcstriyel mineraller, baz metaller ve alt\u0131n i\u00e7in uluslararas\u0131 standartlarda arama, madencilik ve mineral i\u015fleme alan\u0131nda hizmet \u00fcretmek olan uluslararas\u0131 ba\u011f\u0131ms\u0131z bir m\u00fchendislik, strateji ve dan\u0131\u015fmanl\u0131k \u015firketidir. \u2013 Strateji geli\u015ftirme- Ara\u015ft\u0131rma ve geli\u015ftirme- [\u2026]<\/p>","protected":false},"author":1,"featured_media":0,"parent":0,"menu_order":0,"comment_status":"closed","ping_status":"closed","template":"","meta":{"_et_pb_use_builder":"on","_et_pb_old_content":"<!-- wp:divi\/placeholder \/-->","_et_gb_content_width":"","footnotes":""},"class_list":["post-100","page","type-page","status-publish","hentry"],"_links":{"self":[{"href":"https:\/\/poyrazmaden.com\/tr\/wp-json\/wp\/v2\/pages\/100","targetHints":{"allow":["GET"]}}],"collection":[{"href":"https:\/\/poyrazmaden.com\/tr\/wp-json\/wp\/v2\/pages"}],"about":[{"href":"https:\/\/poyrazmaden.com\/tr\/wp-json\/wp\/v2\/types\/page"}],"author":[{"embeddable":true,"href":"https:\/\/poyrazmaden.com\/tr\/wp-json\/wp\/v2\/users\/1"}],"replies":[{"embeddable":true,"href":"https:\/\/poyrazmaden.com\/tr\/wp-json\/wp\/v2\/comments?post=100"}],"version-history":[{"count":19,"href":"https:\/\/poyrazmaden.com\/tr\/wp-json\/wp\/v2\/pages\/100\/revisions"}],"predecessor-version":[{"id":715,"href":"https:\/\/poyrazmaden.com\/tr\/wp-json\/wp\/v2\/pages\/100\/revisions\/715"}],"wp:attachment":[{"href":"https:\/\/poyrazmaden.com\/tr\/wp-json\/wp\/v2\/media?parent=100"}],"curies":[{"name":"wp","href":"https:\/\/api.w.org\/{rel}","templated":true}]}}