{"id":391,"date":"2024-09-06T20:18:14","date_gmt":"2024-09-06T20:18:14","guid":{"rendered":"http:\/\/poyrazmaden.com\/?page_id=391"},"modified":"2026-03-17T16:23:28","modified_gmt":"2026-03-17T16:23:28","slug":"contact","status":"publish","type":"page","link":"https:\/\/poyrazmaden.com\/ru\/contact\/","title":{"rendered":"\u041a\u043e\u043d\u0442\u0430\u043a\u0442"},"content":{"rendered":"<p>[et_pb_section fb_built=&#8221;1&#8243; admin_label=&#8221;Contact&#8221; _builder_version=&#8221;4.25.2&#8243; _module_preset=&#8221;default&#8221; background_enable_color=&#8221;off&#8221; locked=&#8221;off&#8221; global_colors_info=&#8221;{%22gcid-b6c4f12c-f25d-4f61-9fb1-6e96404634cd%22:%91%22background_color%22%93}&#8221;][et_pb_row _builder_version=&#8221;4.25.2&#8243; _module_preset=&#8221;default&#8221; max_width=&#8221;1320px&#8221; global_colors_info=&#8221;{}&#8221;][et_pb_column type=&#8221;4_4&#8243; _builder_version=&#8221;4.25.2&#8243; _module_preset=&#8221;default&#8221; global_colors_info=&#8221;{}&#8221;][et_pb_heading title=&#8221;Contact Us&#8221; _builder_version=&#8221;4.27.0&#8243; _module_preset=&#8221;639e0aa6-7c58-41a4-b180-2fcdc7178af5&#8243; title_font=&#8221;||||||||&#8221; title_font_size=&#8221;50px&#8221; custom_margin=&#8221;||10px||false|false&#8221; global_colors_info=&#8221;{}&#8221;][\/et_pb_heading][\/et_pb_column][\/et_pb_row][et_pb_row column_structure=&#8221;1_2,1_2&#8243; _builder_version=&#8221;4.25.2&#8243; _module_preset=&#8221;default&#8221; max_width=&#8221;1320px&#8221; global_colors_info=&#8221;{}&#8221;][et_pb_column type=&#8221;1_2&#8243; _builder_version=&#8221;4.25.2&#8243; _module_preset=&#8221;default&#8221; global_colors_info=&#8221;{}&#8221;][et_pb_blurb title=&#8221;Office&#8221; use_icon=&#8221;on&#8221; font_icon=&#8221;&#xf276;||fa||900&#8243; _builder_version=&#8221;4.27.0&#8243; _module_preset=&#8221;cbc18403-0b0d-4222-8416-9392551986d0&#8243; header_font=&#8221;||||||||&#8221; body_font=&#8221;||||||||&#8221; body_line_height=&#8221;1.2em&#8221; hover_enabled=&#8221;0&#8243; global_colors_info=&#8221;{}&#8221; sticky_enabled=&#8221;0&#8243;]<\/p>\n<p>\u0422\u0435\u0437\u043a\u0430\u043d \u041a\u0430\u0434. \u0422\u0430\u0442\u043b\u044b\u0441\u0443 \u041c\u0430\u0445. \u0415\u0441\u0435\u0432\u0438 \u0421\u043a. \u2116:1 \u041a\u044d\u0442:9 \u2116:29<\/p>\n<p>\u0428\u0435\u0440\u0438\u0444\u0430\u043b\u0438 \/ \u0423\u043c\u0440\u0430\u043d\u0438\u0435 \/ \u0421\u0442\u0430\u043c\u0431\u0443\u043b<\/p>\n<p>[\/et_pb_blurb][et_pb_blurb title=\u201d\u0421\u043a\u043b\u0430\u0434\u201d use_icon=\u201don\u201d font_icon=\u201d\uf494||fa||900\u2033 _builder_version=\u201d4.27.0\u2033 _module_preset=\u201dcbc18403-0b0d-4222-8416-9392551986d0\u2033 header_font=\u201d||||||||\u201d body_font=\u201d||||||||\u201d body_line_height=\u201d1.2em\u201d global_colors_info=\u201d{}\u201d]Mehmet Akif Ersoy Mah. \u00d6teyaka Sk. No:27A Kemalpa\u015fa\/\u0130zmir[\/et_pb_blurb][et_pb_blurb title=\u201dCall\u201d use_icon=\u201don\u201d font_icon=\u201d\uf10b||fa||900\u2033 _builder_version=\u201d4.27.0\u2033 _module_preset=\u201dcbc18403-0b0d-4222-8416-9392551986d0\u2033 header_font=\u201d||||||||\u201d body_font=\u201d||||||||\u201d global_colors_info=\u201d{}\u201d]<\/p>\n<p><a href=\"tel: 902166298000\">+90 216 629 80 00<\/a><\/p>\n<p>[\/et_pb_blurb][et_pb_blurb title=&quot;\u042d\u043b\u0435\u043a\u0442\u0440\u043e\u043d\u043d\u0430\u044f \u043f\u043e\u0447\u0442\u0430&quot; use_icon=&quot;on&quot; font_icon=&quot;\uf658||fa||900\u2033 _builder_version=&quot;4.27.0\u2033 _module_preset=&quot;cbc18403-0b0d-4222-8416-9392551986d0\u2033 header_font=&quot;||||||||\u201d body_font=&quot;||||||||\u201d global_colors_info=&quot;{}&quot;]<\/p>\n<p><a href=\"mailto:sales@poyrazmaden.com\">\u043f\u0440\u043e\u0434\u0430\u0436\u0438@poyrazmaden.com<\/a><\/p>\n<p>[\/et_pb_blurb][\/et_pb_column][et_pb_column type=&#8221;1_2&#8243; _builder_version=&#8221;4.25.2&#8243; _module_preset=&#8221;ceabcc11-50d0-453c-8ff7-8fb1c5d09b0e&#8221; global_colors_info=&#8221;{}&#8221;][et_pb_contact_form captcha=&#8221;off&#8221; title=&#8221;Request Info&#8221; submit_button_text=&#8221;Send&#8221; _builder_version=&#8221;4.27.0&#8243; _module_preset=&#8221;2de38f99-6988-4832-97c6-97483f4a8f2d&#8221; title_font=&#8221;||||||||&#8221; form_field_font=&#8221;||||||||&#8221; button_font=&#8221;|700||on|||||&#8221; global_colors_info=&#8221;{%22gcid-b6c4f12c-f25d-4f61-9fb1-6e96404634cd%22:%91%22background_color%22%93,%22gcid-2ebbc52c-9ee6-4712-a077-fcaec9b98540%22:%91%22button_bg_color%22%93}&#8221;][et_pb_contact_field field_id=&#8221;Name&#8221; field_title=&#8221;Name&#8221; fullwidth_field=&#8221;on&#8221; _builder_version=&#8221;4.25.2&#8243; _module_preset=&#8221;default&#8221; global_colors_info=&#8221;{}&#8221; button_text_size__hover_enabled=&#8221;off&#8221; button_one_text_size__hover_enabled=&#8221;off&#8221; button_two_text_size__hover_enabled=&#8221;off&#8221; button_text_color__hover_enabled=&#8221;off&#8221; button_one_text_color__hover_enabled=&#8221;off&#8221; button_two_text_color__hover_enabled=&#8221;off&#8221; button_border_width__hover_enabled=&#8221;off&#8221; button_one_border_width__hover_enabled=&#8221;off&#8221; button_two_border_width__hover_enabled=&#8221;off&#8221; button_border_color__hover_enabled=&#8221;off&#8221; button_one_border_color__hover_enabled=&#8221;off&#8221; button_two_border_color__hover_enabled=&#8221;off&#8221; button_border_radius__hover_enabled=&#8221;off&#8221; button_one_border_radius__hover_enabled=&#8221;off&#8221; button_two_border_radius__hover_enabled=&#8221;off&#8221; button_letter_spacing__hover_enabled=&#8221;off&#8221; button_one_letter_spacing__hover_enabled=&#8221;off&#8221; button_two_letter_spacing__hover_enabled=&#8221;off&#8221; button_bg_color__hover_enabled=&#8221;off&#8221; button_one_bg_color__hover_enabled=&#8221;off&#8221; button_two_bg_color__hover_enabled=&#8221;off&#8221;][\/et_pb_contact_field][et_pb_contact_field field_id=&#8221;Email&#8221; field_title=&#8221;Email Address&#8221; field_type=&#8221;email&#8221; fullwidth_field=&#8221;on&#8221; _builder_version=&#8221;4.25.2&#8243; _module_preset=&#8221;default&#8221; global_colors_info=&#8221;{}&#8221; button_text_size__hover_enabled=&#8221;off&#8221; button_one_text_size__hover_enabled=&#8221;off&#8221; button_two_text_size__hover_enabled=&#8221;off&#8221; button_text_color__hover_enabled=&#8221;off&#8221; button_one_text_color__hover_enabled=&#8221;off&#8221; button_two_text_color__hover_enabled=&#8221;off&#8221; button_border_width__hover_enabled=&#8221;off&#8221; button_one_border_width__hover_enabled=&#8221;off&#8221; button_two_border_width__hover_enabled=&#8221;off&#8221; button_border_color__hover_enabled=&#8221;off&#8221; button_one_border_color__hover_enabled=&#8221;off&#8221; button_two_border_color__hover_enabled=&#8221;off&#8221; button_border_radius__hover_enabled=&#8221;off&#8221; button_one_border_radius__hover_enabled=&#8221;off&#8221; button_two_border_radius__hover_enabled=&#8221;off&#8221; button_letter_spacing__hover_enabled=&#8221;off&#8221; button_one_letter_spacing__hover_enabled=&#8221;off&#8221; button_two_letter_spacing__hover_enabled=&#8221;off&#8221; button_bg_color__hover_enabled=&#8221;off&#8221; button_one_bg_color__hover_enabled=&#8221;off&#8221; button_two_bg_color__hover_enabled=&#8221;off&#8221;][\/et_pb_contact_field][et_pb_contact_field field_id=&#8221;Message&#8221; field_title=&#8221;Message&#8221; field_type=&#8221;text&#8221; fullwidth_field=&#8221;on&#8221; _builder_version=&#8221;4.16&#8243; _module_preset=&#8221;default&#8221; global_colors_info=&#8221;{}&#8221; button_text_size__hover_enabled=&#8221;off&#8221; button_one_text_size__hover_enabled=&#8221;off&#8221; button_two_text_size__hover_enabled=&#8221;off&#8221; button_text_color__hover_enabled=&#8221;off&#8221; button_one_text_color__hover_enabled=&#8221;off&#8221; button_two_text_color__hover_enabled=&#8221;off&#8221; button_border_width__hover_enabled=&#8221;off&#8221; button_one_border_width__hover_enabled=&#8221;off&#8221; button_two_border_width__hover_enabled=&#8221;off&#8221; button_border_color__hover_enabled=&#8221;off&#8221; button_one_border_color__hover_enabled=&#8221;off&#8221; button_two_border_color__hover_enabled=&#8221;off&#8221; button_border_radius__hover_enabled=&#8221;off&#8221; button_one_border_radius__hover_enabled=&#8221;off&#8221; button_two_border_radius__hover_enabled=&#8221;off&#8221; button_letter_spacing__hover_enabled=&#8221;off&#8221; button_one_letter_spacing__hover_enabled=&#8221;off&#8221; button_two_letter_spacing__hover_enabled=&#8221;off&#8221; button_bg_color__hover_enabled=&#8221;off&#8221; button_one_bg_color__hover_enabled=&#8221;off&#8221; button_two_bg_color__hover_enabled=&#8221;off&#8221;][\/et_pb_contact_field][\/et_pb_contact_form][\/et_pb_column][\/et_pb_row][\/et_pb_section][et_pb_section fb_built=&#8221;1&#8243; admin_label=&#8221;Map&#8221; _builder_version=&#8221;4.25.2&#8243; _module_preset=&#8221;default&#8221; global_colors_info=&#8221;{}&#8221;][et_pb_row _builder_version=&#8221;4.25.2&#8243; _module_preset=&#8221;default&#8221; max_width=&#8221;1320px&#8221; global_colors_info=&#8221;{}&#8221;][et_pb_column type=&#8221;4_4&#8243; _builder_version=&#8221;4.25.2&#8243; _module_preset=&#8221;default&#8221; global_colors_info=&#8221;{}&#8221;][et_pb_code _builder_version=&#8221;4.27.0&#8243; _module_preset=&#8221;default&#8221; hover_enabled=&#8221;0&#8243; global_colors_info=&#8221;{}&#8221; sticky_enabled=&#8221;0&#8243;]<iframe src=\"https:\/\/www.google.com\/maps\/embed?pb=!1m17!1m12!1m3!1d2129.2267467508536!2d29.136389811798946!3d40.99940389431205!2m3!1f0!2f0!3f0!3m2!1i1024!2i768!4f13.1!3m2!1m1!2s!5e0!3m2!1str!2str!4v1773764438978!5m2!1str!2str\" width=\"100%\" height=\"450\" style=\"border:0;\" allowfullscreen=\"\" loading=\"lazy\" referrerpolicy=\"no-referrer-when-downgrade\"><\/iframe>[\/et_pb_code][\/et_pb_column][\/et_pb_row][\/et_pb_section]<\/p>","protected":false},"excerpt":{"rendered":"<p>Tezcan Cad. Tatl\u0131su Mah. Yesevi Sk. No:1 Kat:9 No:29 \u015eerifali \/ \u00dcmraniye \/ \u0130stanbulMehmet Akif Ersoy Mah. \u00d6teyaka Sk. No:27A Kemalpa\u015fa\/\u0130zmir+90 216 629 80 00sales@poyrazmaden.com<\/p>","protected":false},"author":1,"featured_media":0,"parent":0,"menu_order":0,"comment_status":"closed","ping_status":"closed","template":"","meta":{"_et_pb_use_builder":"on","_et_pb_old_content":"","_et_gb_content_width":"","footnotes":""},"class_list":["post-391","page","type-page","status-publish","hentry"],"_links":{"self":[{"href":"https:\/\/poyrazmaden.com\/ru\/wp-json\/wp\/v2\/pages\/391","targetHints":{"allow":["GET"]}}],"collection":[{"href":"https:\/\/poyrazmaden.com\/ru\/wp-json\/wp\/v2\/pages"}],"about":[{"href":"https:\/\/poyrazmaden.com\/ru\/wp-json\/wp\/v2\/types\/page"}],"author":[{"embeddable":true,"href":"https:\/\/poyrazmaden.com\/ru\/wp-json\/wp\/v2\/users\/1"}],"replies":[{"embeddable":true,"href":"https:\/\/poyrazmaden.com\/ru\/wp-json\/wp\/v2\/comments?post=391"}],"version-history":[{"count":16,"href":"https:\/\/poyrazmaden.com\/ru\/wp-json\/wp\/v2\/pages\/391\/revisions"}],"predecessor-version":[{"id":728,"href":"https:\/\/poyrazmaden.com\/ru\/wp-json\/wp\/v2\/pages\/391\/revisions\/728"}],"wp:attachment":[{"href":"https:\/\/poyrazmaden.com\/ru\/wp-json\/wp\/v2\/media?parent=391"}],"curies":[{"name":"wp","href":"https:\/\/api.w.org\/{rel}","templated":true}]}}