{"id":652,"date":"2024-10-16T15:49:57","date_gmt":"2024-10-16T15:49:57","guid":{"rendered":"http:\/\/poyrazmaden.com\/?page_id=652"},"modified":"2024-10-18T12:24:22","modified_gmt":"2024-10-18T12:24:22","slug":"products","status":"publish","type":"page","link":"https:\/\/poyrazmaden.com\/fr\/products\/","title":{"rendered":"Produits"},"content":{"rendered":"<p>[et_pb_section fb_built=\u201d1\u2033 _builder_version=\u201d4.27.0\u2033 _module_preset=\u201ddefault\u201d custom_padding=\u201d27px|||||\u201d global_colors_info=\u201d{}\u201d][et_pb_row _builder_version=\u201d4.27.0\u2033 _module_preset=\u201ddefault\u201d max_width=\u201d1200px\u201d global_colors_info=\u201d{}\u201d][et_pb_column type=\u201d4_4\u2033 _builder_version=\u201d4.27.0\u2033 _module_preset=\u201ddefault\u201d global_colors_info=\u201d{}\u201d][et_pb_text _builder_version=\u201d4.27.0\u2033 _dynamic_attributes=\u201dcontent\u201d _module_preset=\u201d26aa3af7-2afb-4d0a-8501-1c868e252119\u2033 text_font=\u201dNoto Serif||||||||\u201d text_text_color=\u201d#000000\u2033 text_font_size=\u201d47px\u201d text_line_height=\u201d1.5em\u201d text_orientation=\u201dcenter\u201d custom_margin=\u201d||10px||false|false\u201d locked=\u201doff\u201d global_colors_info=\u201d{}\u201d]@ET-DC@eyJkeW5hbWljIjp0cnVlLCJjb250ZW50IjoicG9zdF90aXRsZSIsInNldHRpbmdzIjp7ImJlZm9yZSI6IiIsImFmdGVyIjoiIn19@[\/et_pb_text][et_pb_divider color=\u201d#000000\u2033 _builder_version=\u201d4.27.0\u2033 _module_preset=\u201ddefault\u201d max_width=&quot;8%&quot; module_alignment=&quot;center&quot; global_colors_info=&quot;{}&quot;][\/et_pb_divider][\/et_pb_column][\/et_pb_row][et_pb_row _builder_version=&quot;4.27.0&quot; _module_preset=&quot;default&quot; max_width=&quot;1200px&quot; custom_padding=&quot;||7px|||&quot; global_colors_info=\u201d{}\u201d][et_pb_column type=\u201d4_4\u2033 _builder_version=\u201d4.27.0\u2033 _module_preset=\u201ddefault\u201d global_colors_info=\u201d{}\u201d][et_pb_text _builder_version=\u201d4.27.0\u2033 _module_preset=\u201d26aa3af7-2afb-4d0a-8501-1c868e252119\u2033 text_font=\u201d||||||||\u201d text_text_color=\u201d#000000\u2033 text_font_size=\u201d35px\u201d text_line_height=\u201d1.5em\u201d custom_margin=\u201d||10px||false|false\u201d locked=\u201doff\u201d global_colors_info=\u201d{}\u201d]<\/p>\n<p>Mati\u00e8res premi\u00e8res<\/p>\n<p>[\/et_pb_text][\/et_pb_column][\/et_pb_row][et_pb_row _builder_version=\u201d4.27.0\u2033 _module_preset=\u201ddefault\u201d max_width=\u201d1200px\u201d global_colors_info=\u201d{}\u201d][et_pb_column type=\u201d4_4\u2033 _builder_version=\u201d4.27.0\u2033 _module_preset=\u201ddefault\u201d global_colors_info=\u201d{}\u201d][et_pb_blog fullwidth=\u201doff\u201d posts_number=\u201d50\u2033 include_categories=\u201d1\u2033 excerpt_length=\u201d0\u2033 show_author=\u201doff\u201d show_date=\u201doff\u201d show_categories=\u201doff\u201d _builder_version=\u201d4.27.0\u2033 _module_preset=\u201ddefault\u201d header_font=&quot;||||||||&quot; header_font_size=&quot;25px&quot; global_colors_info=&quot;{}&quot;][\/et_pb_blog][et_pb_code _builder_version=&quot;4.27.0&quot; _module_preset=&quot;default&quot; global_colors_info=&quot;{}&quot;]<\/p>\n<style><!-- [et_pb_line_break_holder] -->.et-l.et-l--post img {<!-- [et_pb_line_break_holder] -->    border-radius: 0;<!-- [et_pb_line_break_holder] -->}<!-- [et_pb_line_break_holder] -->  article {<!-- [et_pb_line_break_holder] -->    min-height: 370px;<!-- [et_pb_line_break_holder] -->}<!-- [et_pb_line_break_holder] -->  article {<!-- [et_pb_line_break_holder] -->    border: none !important;<!-- [et_pb_line_break_holder] -->    box-shadow: 0 0 55px #e9e9e9;<!-- [et_pb_line_break_holder] -->    border-radius: 15px;<!-- [et_pb_line_break_holder] -->}<!-- [et_pb_line_break_holder] --><\/style>\n<p>[\/et_pb_code][\/et_pb_column][\/et_pb_row][et_pb_row _builder_version=\u201d4.27.0\u2033 _module_preset=\u201ddefault\u201d max_width=\u201d1200px\u201d custom_padding=\u201d||7px|||\u201d global_colors_info=\u201d{}\u201d][et_pb_column type=\u201d4_4\u2033 _builder_version=\u201d4.27.0\u2033 _module_preset=\u201ddefault\u201d global_colors_info=\u201d{}\u201d][et_pb_text _builder_version=\u201d4.27.0\u2033 _module_preset=\u201d26aa3af7-2afb-4d0a-8501-1c868e252119\u2033 text_font=\u201d||||||||\u201d text_text_color=\u201d#000000\u2033 text_font_size=\u201d35px\u201d text_line_height=\u201d1.5em\u201d custom_margin=\u201d||10px||false|false\u201d locked=\u201doff\u201d global_colors_info=\u201d{}\u201d]<\/p>\n<p>Produits chimiques<\/p>\n<p>[et_pb_text][et_pb_divider color=\u201d#000000\u2033 _builder_version=\u201d4.27.0\u2033 _module_preset=\u201ddefault\u201d max_width=\u201d8%\u201d module_alignment=\u201dleft\u201d hover_enabled=\u201d0\u2033 global_colors_info=\u201d{}\u201d sticky_enabled=\u201d0\u2033][\/et_pb_divider][\/et_pb_column][\/et_pb_row][et_pb_row _builder_version=\u201d4.27.0\u2033 _module_preset=\u201ddefault\u201d max_width=\u201d1200px\u201d global_colors_info=\u201d{}\u201d][et_pb_column type=\u201d4_4\u2033 _builder_version=\u201d4.27.0\u2033 _module_preset=\u201ddefault\u201d global_colors_info=\u201d{}\u201d][et_pb_blog fullwidth=\u201doff\u201d posts_number=\u201d50\u2033 include_categories=\u201d10\u2033 excerpt_length=\u201d0\u2033 show_author=\u201doff\u201d show_date=\u201doff\u201d show_categories=\u201doff\u201d _builder_version=\u201d4.27.0\u2033 _module_preset=\u201ddefault\u201d header_font=\u201d||||||||\u201d header_font_size=\u201d25px\u201d global_colors_info=\u201d{}\u201d][\/et_pb_blog][et_pb_code _builder_version=\u201d4.27.0\u2033 _module_preset=\u201ddefault\u201d global_colors_info=\u201d{}\u201d]<\/p>\n<style><!-- [et_pb_line_break_holder] -->.et-l.et-l--post img {<!-- [et_pb_line_break_holder] -->    border-radius: 0;<!-- [et_pb_line_break_holder] -->}<!-- [et_pb_line_break_holder] -->  article {<!-- [et_pb_line_break_holder] -->    min-height: 370px;<!-- [et_pb_line_break_holder] -->}<!-- [et_pb_line_break_holder] -->  article {<!-- [et_pb_line_break_holder] -->    border: none !important;<!-- [et_pb_line_break_holder] -->    box-shadow: 0 0 55px #e9e9e9;<!-- [et_pb_line_break_holder] -->    border-radius: 15px;<!-- [et_pb_line_break_holder] -->}<!-- [et_pb_line_break_holder] --><\/style>\n<p>[\/et_pb_code][\/et_pb_column][\/et_pb_row][et_pb_row _builder_version=\u201d4.27.0\u2033 _module_preset=\u201ddefault\u201d max_width=\u201d1200px\u201d custom_padding=\u201d||7px|||\u201d global_colors_info=\u201d{}\u201d][et_pb_column type=\u201d4_4\u2033 _builder_version=\u201d4.27.0\u2033 _module_preset=\u201ddefault\u201d global_colors_info=\u201d{}\u201d][et_pb_text _builder_version=\u201d4.27.0\u2033 _module_preset=\u201d26aa3af7-2afb-4d0a-8501-1c868e252119\u2033 text_font=\u201d||||||||\u201d text_text_color=\u201d#000000\u2033 text_font_size=\u201d35px\u201d text_line_height=\u201d1.5em\u201d custom_margin=\u201d||10px||false|false\u201d locked=\u201doff\u201d global_colors_info=\u201d{}\u201d]<\/p>\n<p>Consommables<\/p>\n<p>[et_pb_text][et_pb_divider color=\u201d#000000\u2033 _builder_version=\u201d4.27.0\u2033 _module_preset=\u201ddefault\u201d max_width=\u201d8%\u201d module_alignment=\u201dleft\u201d hover_enabled=\u201d0\u2033 global_colors_info=\u201d{}\u201d sticky_enabled=\u201d0\u2033][\/et_pb_divider][\/et_pb_column][\/et_pb_row][et_pb_row _builder_version=\u201d4.27.0\u2033 _module_preset=\u201ddefault\u201d max_width=\u201d1200px\u201d global_colors_info=\u201d{}\u201d][et_pb_column type=\u201d4_4\u2033 _builder_version=\u201d4.27.0\u2033 _module_preset=\u201ddefault\u201d global_colors_info=\u201d{}\u201d][et_pb_blog fullwidth=\u201doff\u201d posts_number=\u201d50\u2033 include_categories=\u201d11\u2033 excerpt_length=\u201d0\u2033 show_author=\u201doff\u201d show_date=\u201doff\u201d show_categories=\u201doff\u201d _builder_version=\u201d4.27.0\u2033 _module_preset=\u201ddefault\u201d header_font=\u201d||||||||\u201d header_font_size=\u201d25px\u201d global_colors_info=\u201d{}\u201d][\/et_pb_blog][et_pb_code _builder_version=\u201d4.27.0\u2033 _module_preset=\u201ddefault\u201d global_colors_info=\u201d{}\u201d]<\/p>\n<style><!-- [et_pb_line_break_holder] -->.et-l.et-l--post img {<!-- [et_pb_line_break_holder] -->    border-radius: 0;<!-- [et_pb_line_break_holder] -->}<!-- [et_pb_line_break_holder] -->  article {<!-- [et_pb_line_break_holder] -->    min-height: 370px;<!-- [et_pb_line_break_holder] -->}<!-- [et_pb_line_break_holder] -->  article {<!-- [et_pb_line_break_holder] -->    border: none !important;<!-- [et_pb_line_break_holder] -->    box-shadow: 0 0 55px #e9e9e9;<!-- [et_pb_line_break_holder] -->    border-radius: 15px;<!-- [et_pb_line_break_holder] -->}<!-- [et_pb_line_break_holder] --><\/style>\n<p>[\/et_pb_code][\/et_pb_column][\/et_pb_row][et_pb_row _builder_version=\u201d4.27.0\u2033 _module_preset=\u201ddefault\u201d max_width=\u201d1200px\u201d custom_padding=\u201d||7px|||\u201d global_colors_info=\u201d{}\u201d][et_pb_column type=\u201d4_4\u2033 _builder_version=\u201d4.27.0\u2033 _module_preset=\u201ddefault\u201d global_colors_info=\u201d{}\u201d][et_pb_text _builder_version=\u201d4.27.0\u2033 _module_preset=\u201d26aa3af7-2afb-4d0a-8501-1c868e252119\u2033 text_font=\u201d||||||||\u201d text_text_color=\u201d#000000\u2033 text_font_size=\u201d35px\u201d text_line_height=\u201d1.5em\u201d custom_margin=\u201d||10px||false|false\u201d locked=\u201doff\u201d global_colors_info=\u201d{}\u201d]<\/p>\n<p>Machines et \u00e9quipements<\/p>\n<p>[et_pb_text][et_pb_divider color=\u201d#000000\u2033 _builder_version=\u201d4.27.0\u2033 _module_preset=\u201ddefault\u201d max_width=\u201d8%\u201d module_alignment=\u201dleft\u201d hover_enabled=\u201d0\u2033 global_colors_info=\u201d{}\u201d sticky_enabled=\u201d0\u2033][\/et_pb_divider][\/et_pb_column][\/et_pb_row][et_pb_row _builder_version=\u201d4.27.0\u2033 _module_preset=\u201ddefault\u201d max_width=\u201d1200px\u201d global_colors_info=\u201d{}\u201d][et_pb_column type=\u201d4_4\u2033 _builder_version=\u201d4.27.0\u2033 _module_preset=\u201ddefault\u201d global_colors_info=\u201d{}\u201d][et_pb_blog fullwidth=\u201doff\u201d posts_number=\u201d50\u2033 include_categories=\u201d12\u2033 excerpt_length=\u201d0\u2033 show_author=\u201doff\u201d show_date=\u201doff\u201d show_categories=\u201doff\u201d _builder_version=\u201d4.27.0\u2033 _module_preset=\u201ddefault\u201d header_font=\u201d||||||||\u201d header_font_size=\u201d25px\u201d global_colors_info=\u201d{}\u201d][\/et_pb_blog][et_pb_code _builder_version=\u201d4.27.0\u2033 _module_preset=\u201ddefault\u201d global_colors_info=\u201d{}\u201d]<\/p>\n<style><!-- [et_pb_line_break_holder] -->.et-l.et-l--post img {<!-- [et_pb_line_break_holder] -->    border-radius: 0;<!-- [et_pb_line_break_holder] -->}<!-- [et_pb_line_break_holder] -->  article {<!-- [et_pb_line_break_holder] -->    min-height: 370px;<!-- [et_pb_line_break_holder] -->}<!-- [et_pb_line_break_holder] -->  article {<!-- [et_pb_line_break_holder] -->    border: none !important;<!-- [et_pb_line_break_holder] -->    box-shadow: 0 0 55px #e9e9e9;<!-- [et_pb_line_break_holder] -->    border-radius: 15px;<!-- [et_pb_line_break_holder] -->}<!-- [et_pb_line_break_holder] --><\/style>\n<p>[\/et_pb_code][\/et_pb_column][\/et_pb_row][\/et_pb_section]<\/p>","protected":false},"excerpt":{"rendered":"<p>Mati\u00e8res premi\u00e8res, produits chimiques, consommables, machines et \u00e9quipements<\/p>","protected":false},"author":1,"featured_media":0,"parent":0,"menu_order":0,"comment_status":"closed","ping_status":"closed","template":"","meta":{"_et_pb_use_builder":"on","_et_pb_old_content":"","_et_gb_content_width":"","footnotes":""},"class_list":["post-652","page","type-page","status-publish","hentry"],"_links":{"self":[{"href":"https:\/\/poyrazmaden.com\/fr\/wp-json\/wp\/v2\/pages\/652","targetHints":{"allow":["GET"]}}],"collection":[{"href":"https:\/\/poyrazmaden.com\/fr\/wp-json\/wp\/v2\/pages"}],"about":[{"href":"https:\/\/poyrazmaden.com\/fr\/wp-json\/wp\/v2\/types\/page"}],"author":[{"embeddable":true,"href":"https:\/\/poyrazmaden.com\/fr\/wp-json\/wp\/v2\/users\/1"}],"replies":[{"embeddable":true,"href":"https:\/\/poyrazmaden.com\/fr\/wp-json\/wp\/v2\/comments?post=652"}],"version-history":[{"count":14,"href":"https:\/\/poyrazmaden.com\/fr\/wp-json\/wp\/v2\/pages\/652\/revisions"}],"predecessor-version":[{"id":681,"href":"https:\/\/poyrazmaden.com\/fr\/wp-json\/wp\/v2\/pages\/652\/revisions\/681"}],"wp:attachment":[{"href":"https:\/\/poyrazmaden.com\/fr\/wp-json\/wp\/v2\/media?parent=652"}],"curies":[{"name":"wp","href":"https:\/\/api.w.org\/{rel}","templated":true}]}}