{"id":399,"date":"2024-09-06T20:23:23","date_gmt":"2024-09-06T20:23:23","guid":{"rendered":"http:\/\/poyrazmaden.com\/?page_id=399"},"modified":"2024-11-04T09:27:44","modified_gmt":"2024-11-04T09:27:44","slug":"about-us","status":"publish","type":"page","link":"https:\/\/poyrazmaden.com\/fr\/about-us\/","title":{"rendered":"\u00c0 propos de nous"},"content":{"rendered":"<p>[et_pb_section fb_built=&#8221;1&#8243; admin_label=&#8221;Feature&#8221; _builder_version=&#8221;4.27.0&#8243; _module_preset=&#8221;default&#8221; hover_enabled=&#8221;0&#8243; locked=&#8221;off&#8221; collapsed=&#8221;on&#8221; global_colors_info=&#8221;{}&#8221; background_color=&#8221;#f4f4f4&#8243; sticky_enabled=&#8221;0&#8243;][et_pb_row column_structure=&#8221;1_2,1_2&#8243; _builder_version=&#8221;4.22.0&#8243; _module_preset=&#8221;default&#8221; global_colors_info=&#8221;{}&#8221;][et_pb_column type=&#8221;1_2&#8243; _builder_version=&#8221;4.22.0&#8243; _module_preset=&#8221;default&#8221; global_colors_info=&#8221;{}&#8221;][et_pb_image src=&#8221;https:\/\/poyrazmaden.com\/wp-content\/uploads\/2024\/09\/about-us.jpg&#8221; title_text=&#8221;about-us&#8221; show_bottom_space=&#8221;off&#8221; _builder_version=&#8221;4.27.0&#8243; _module_preset=&#8221;default&#8221; custom_margin=&#8221;|20%|-40%|-20%|false|false&#8221; global_colors_info=&#8221;{}&#8221;][\/et_pb_image][et_pb_image src=&#8221;https:\/\/poyrazmaden.com\/wp-content\/uploads\/2024\/09\/zinc.jpg&#8221; title_text=&#8221;zinc&#8221; align=&#8221;right&#8221; _builder_version=&#8221;4.27.0&#8243; _module_preset=&#8221;default&#8221; width=&#8221;60%&#8221; global_colors_info=&#8221;{}&#8221;][\/et_pb_image][\/et_pb_column][et_pb_column type=&#8221;1_2&#8243; _builder_version=&#8221;4.22.0&#8243; _module_preset=&#8221;default&#8221; global_colors_info=&#8221;{}&#8221;][et_pb_text _builder_version=&#8221;4.27.0&#8243; _dynamic_attributes=&#8221;content&#8221; _module_preset=&#8221;26aa3af7-2afb-4d0a-8501-1c868e252119&#8243; text_font=&#8221;||||||||&#8221; text_text_color=&#8221;#000000&#8243; text_font_size=&#8221;47px&#8221; text_line_height=&#8221;1.5em&#8221; custom_margin=&#8221;||10px||false|false&#8221; global_colors_info=&#8221;{}&#8221;]@ET-DC@eyJkeW5hbWljIjp0cnVlLCJjb250ZW50IjoicG9zdF90aXRsZSIsInNldHRpbmdzIjp7ImJlZm9yZSI6IiIsImFmdGVyIjoiIn19@[\/et_pb_text][et_pb_text _builder_version=&#8221;4.27.0&#8243; _module_preset=&#8221;b104ef37-d0ef-4d09-8d3e-5689cc263159&#8243; hover_enabled=&#8221;0&#8243; global_colors_info=&#8221;{}&#8221; sticky_enabled=&#8221;0&#8243;]<\/p>\n<p>Fond\u00e9e en 2021, Poyraz Maden est sp\u00e9cialis\u00e9e dans la fourniture de mati\u00e8res premi\u00e8res industrielles et de produits chimiques miniers et propose des services de conseil technique sectoriels. Depuis notre cr\u00e9ation, nous avons \u00e9tabli une pr\u00e9sence solide dans l&#039;industrie en nouant des partenariats fiables et en fournissant des solutions innovantes et durables. Nous nous engageons \u00e0 respecter les principes de confiance, de qualit\u00e9 et de durabilit\u00e9 dans les secteurs minier et chimique.<\/p>\n<p><strong>Notre mission <\/strong>est de soutenir la production industrielle dans le monde entier en proposant des solutions mini\u00e8res innovantes et efficaces en collaboration avec nos partenaires. Nous aidons nos clients \u00e0 optimiser leurs op\u00e9rations en leur fournissant des mati\u00e8res premi\u00e8res et des produits chimiques de haute qualit\u00e9.<\/p>\n<p><strong>Notre vision<\/strong> est de devenir un acteur de r\u00e9f\u00e9rence sur le march\u00e9 international en ayant un impact significatif dans les industries mini\u00e8res et chimiques, \u00e0 la fois par la responsabilit\u00e9 environnementale et l&#039;efficacit\u00e9 \u00e9conomique. Nous continuons \u00e0 d\u00e9velopper des solutions durables et \u00e0 long terme en partenariat avec les entreprises les plus prestigieuses de notre secteur.<\/p>\n<p>[\/et_pb_text][\/et_pb_column][\/et_pb_row][et_pb_row column_structure=&#8221;1_2,1_2&#8243; _builder_version=&#8221;4.27.0&#8243; _module_preset=&#8221;default&#8221; custom_padding=&#8221;85px|||||&#8221; global_colors_info=&#8221;{}&#8221;][et_pb_column type=&#8221;1_2&#8243; _builder_version=&#8221;4.27.0&#8243; _module_preset=&#8221;default&#8221; global_colors_info=&#8221;{}&#8221;][et_pb_text _builder_version=&#8221;4.27.0&#8243; _module_preset=&#8221;26aa3af7-2afb-4d0a-8501-1c868e252119&#8243; text_font=&#8221;||||||||&#8221; text_text_color=&#8221;#000000&#8243; text_font_size=&#8221;35px&#8221; text_line_height=&#8221;1.5em&#8221; custom_margin=&#8221;||10px||false|false&#8221; global_colors_info=&#8221;{}&#8221;]<\/p>\n<p>Ce que nous offrons<\/p>\n<p>[\/et_pb_text][et_pb_text _builder_version=&#8221;4.27.0&#8243; _module_preset=&#8221;b104ef37-d0ef-4d09-8d3e-5689cc263159&#8243; global_colors_info=&#8221;{}&#8221;]<\/p>\n<p><strong>Mati\u00e8res premi\u00e8res industrielles<\/strong>:Renforcez vos processus de production avec des mat\u00e9riaux de haute qualit\u00e9.<\/p>\n<p><strong>Produits chimiques pour l&#039;exploitation mini\u00e8re<\/strong>:Fournir des solutions chimiques durables qui am\u00e9liorent l&#039;efficacit\u00e9 op\u00e9rationnelle.<\/p>\n<p><strong>Conseil technique<\/strong>:Offrant des services de consultation professionnels avec notre \u00e9quipe d&#039;experts pour am\u00e9liorer et optimiser vos processus op\u00e9rationnels.<\/p>\n<p>[\/et_pb_text][\/et_pb_column][et_pb_column type=&#8221;1_2&#8243; _builder_version=&#8221;4.27.0&#8243; _module_preset=&#8221;default&#8221; global_colors_info=&#8221;{}&#8221;][et_pb_image src=&#8221;https:\/\/poyrazmaden.com\/wp-content\/uploads\/2024\/10\/Mineral-Processing-EPC-Ana-Sayfa-Slaytlardaki.jpg&#8221; title_text=&#8221;Mineral-Processing-EPC-(Ana-Sayfa-Slaytlardaki)&#8221; _builder_version=&#8221;4.27.0&#8243; _module_preset=&#8221;default&#8221; global_colors_info=&#8221;{}&#8221;][\/et_pb_image][\/et_pb_column][\/et_pb_row][et_pb_row column_structure=&#8221;1_2,1_2&#8243; _builder_version=&#8221;4.27.0&#8243; _module_preset=&#8221;default&#8221; custom_margin=&#8221;82px|auto||auto||&#8221; global_colors_info=&#8221;{}&#8221;][et_pb_column type=&#8221;1_2&#8243; _builder_version=&#8221;4.27.0&#8243; _module_preset=&#8221;default&#8221; global_colors_info=&#8221;{}&#8221;][et_pb_image src=&#8221;https:\/\/poyrazmaden.com\/wp-content\/uploads\/2024\/09\/Steel-Grinding-Ball.jpg&#8221; title_text=&#8221;Steel Grinding Ball&#8221; _builder_version=&#8221;4.27.0&#8243; _module_preset=&#8221;default&#8221; global_colors_info=&#8221;{}&#8221;][\/et_pb_image][\/et_pb_column][et_pb_column type=&#8221;1_2&#8243; _builder_version=&#8221;4.27.0&#8243; _module_preset=&#8221;default&#8221; global_colors_info=&#8221;{}&#8221;][et_pb_text _builder_version=&#8221;4.27.0&#8243; _module_preset=&#8221;26aa3af7-2afb-4d0a-8501-1c868e252119&#8243; text_font=&#8221;||||||||&#8221; text_text_color=&#8221;#000000&#8243; text_font_size=&#8221;35px&#8221; text_line_height=&#8221;1.5em&#8221; custom_margin=&#8221;||10px||false|false&#8221; global_colors_info=&#8221;{}&#8221;]<\/p>\n<p>Nos Partenariats<\/p>\n<p>[\/et_pb_text][et_pb_text _builder_version=&#8221;4.27.0&#8243; _module_preset=&#8221;b104ef37-d0ef-4d09-8d3e-5689cc263159&#8243; global_colors_info=&#8221;{}&#8221;]<\/p>\n<p>Chez Poyraz Maden, nous avons d\u00e9velopp\u00e9 des partenariats solides avec certaines des entreprises les plus respect\u00e9es du secteur. Ces collaborations vont au-del\u00e0 de la fourniture de produits, contribuant \u00e0 une efficacit\u00e9 op\u00e9rationnelle accrue et au d\u00e9veloppement de projets durables. En collaboration avec nos partenaires, nous combinons les derni\u00e8res technologies et les normes de qualit\u00e9 les plus \u00e9lev\u00e9es pour offrir des solutions efficaces \u00e0 nos clients.<\/p>\n<p>[\/et_pb_text][et_pb_text _builder_version=&#8221;4.27.0&#8243; _module_preset=&#8221;26aa3af7-2afb-4d0a-8501-1c868e252119&#8243; text_font=&#8221;||||||||&#8221; text_text_color=&#8221;#000000&#8243; text_font_size=&#8221;35px&#8221; text_line_height=&#8221;1.5em&#8221; custom_margin=&#8221;||10px||false|false&#8221; global_colors_info=&#8221;{}&#8221;]<\/p>\n<p>Pourquoi Poyraz Maden ?<\/p>\n<p>[\/et_pb_text][et_pb_text _builder_version=&#8221;4.27.0&#8243; _module_preset=&#8221;b104ef37-d0ef-4d09-8d3e-5689cc263159&#8243; global_colors_info=&#8221;{}&#8221;]<\/p>\n<p>Depuis 2021, nous sommes devenus l\u2019un des acteurs cl\u00e9s de l\u2019industrie avec une approche centr\u00e9e sur le client et la fiabilit\u00e9. Notre \u00e9quipe d\u2019experts, ainsi que nos partenaires estim\u00e9s, vous accompagnent \u00e0 chaque \u00e9tape de vos projets. Nous construisons l\u2019avenir avec des solutions qui exploitent la puissance de la nature et guident l\u2019industrie.<\/p>\n<p>[\/et_pb_text][et_pb_button button_url=&#8221;@ET-DC@eyJkeW5hbWljIjp0cnVlLCJjb250ZW50IjoicG9zdF9saW5rX3VybF9wYWdlIiwic2V0dGluZ3MiOnsicG9zdF9pZCI6IjM5MSJ9fQ==@&#8221; url_new_window=&#8221;on&#8221; button_text=&#8221;Contact us&#8221; _builder_version=&#8221;4.27.0&#8243; _dynamic_attributes=&#8221;button_url&#8221; _module_preset=&#8221;3a6b7273-f101-43f8-8d8f-e3d3c8771183&#8243; button_font=&#8221;|600|||||||&#8221; global_colors_info=&#8221;{}&#8221;][\/et_pb_button][\/et_pb_column][\/et_pb_row][\/et_pb_section]<\/p>","protected":false},"excerpt":{"rendered":"<p>Founded in 2021, Poyraz Maden specializes in the supply of industrial raw materials and mining chemicals, and offers sector-specific technical consultancy services. Since our inception, we have established a solid presence in the industry by forming reliable partnerships and providing innovative, sustainable solutions. We are committed to the principles of trust, quality, and sustainability in [&hellip;]<\/p>","protected":false},"author":1,"featured_media":0,"parent":0,"menu_order":0,"comment_status":"closed","ping_status":"closed","template":"","meta":{"_et_pb_use_builder":"on","_et_pb_old_content":"<!-- wp:divi\/placeholder \/-->","_et_gb_content_width":"","footnotes":""},"class_list":["post-399","page","type-page","status-publish","hentry"],"_links":{"self":[{"href":"https:\/\/poyrazmaden.com\/fr\/wp-json\/wp\/v2\/pages\/399","targetHints":{"allow":["GET"]}}],"collection":[{"href":"https:\/\/poyrazmaden.com\/fr\/wp-json\/wp\/v2\/pages"}],"about":[{"href":"https:\/\/poyrazmaden.com\/fr\/wp-json\/wp\/v2\/types\/page"}],"author":[{"embeddable":true,"href":"https:\/\/poyrazmaden.com\/fr\/wp-json\/wp\/v2\/users\/1"}],"replies":[{"embeddable":true,"href":"https:\/\/poyrazmaden.com\/fr\/wp-json\/wp\/v2\/comments?post=399"}],"version-history":[{"count":17,"href":"https:\/\/poyrazmaden.com\/fr\/wp-json\/wp\/v2\/pages\/399\/revisions"}],"predecessor-version":[{"id":697,"href":"https:\/\/poyrazmaden.com\/fr\/wp-json\/wp\/v2\/pages\/399\/revisions\/697"}],"wp:attachment":[{"href":"https:\/\/poyrazmaden.com\/fr\/wp-json\/wp\/v2\/media?parent=399"}],"curies":[{"name":"wp","href":"https:\/\/api.w.org\/{rel}","templated":true}]}}