{"id":100,"date":"2024-09-02T19:42:28","date_gmt":"2024-09-02T19:42:28","guid":{"rendered":"http:\/\/poyrazmaden.com\/?page_id=100"},"modified":"2025-10-14T14:39:38","modified_gmt":"2025-10-14T14:39:38","slug":"consulting-services","status":"publish","type":"page","link":"https:\/\/poyrazmaden.com\/fr\/consulting-services\/","title":{"rendered":"Services de consultation"},"content":{"rendered":"<p>[et_pb_section fb_built=&#8221;1&#8243; admin_label=&#8221;Feature&#8221; _builder_version=&#8221;4.27.0&#8243; _module_preset=&#8221;default&#8221; background_color=&#8221;#f4f4f4&#8243; locked=&#8221;off&#8221; collapsed=&#8221;on&#8221; global_colors_info=&#8221;{}&#8221;][et_pb_row column_structure=&#8221;1_2,1_2&#8243; _builder_version=&#8221;4.22.0&#8243; _module_preset=&#8221;default&#8221; global_colors_info=&#8221;{}&#8221;][et_pb_column type=&#8221;1_2&#8243; _builder_version=&#8221;4.22.0&#8243; _module_preset=&#8221;default&#8221; global_colors_info=&#8221;{}&#8221;][et_pb_image src=&#8221;https:\/\/poyrazmaden.com\/wp-content\/uploads\/2024\/10\/Consulting-Services-1.jpg&#8221; title_text=&#8221;Consulting-Services&#8221; show_bottom_space=&#8221;off&#8221; _builder_version=&#8221;4.27.0&#8243; _module_preset=&#8221;default&#8221; custom_margin=&#8221;|20%|-40%|-20%|false|false&#8221; global_colors_info=&#8221;{}&#8221;][\/et_pb_image][\/et_pb_column][et_pb_column type=&#8221;1_2&#8243; _builder_version=&#8221;4.22.0&#8243; _module_preset=&#8221;default&#8221; global_colors_info=&#8221;{}&#8221;][et_pb_text _builder_version=&#8221;4.27.0&#8243; _dynamic_attributes=&#8221;content&#8221; _module_preset=&#8221;26aa3af7-2afb-4d0a-8501-1c868e252119&#8243; text_font=&#8221;||||||||&#8221; text_text_color=&#8221;#000000&#8243; text_font_size=&#8221;47px&#8221; text_line_height=&#8221;1.5em&#8221; custom_margin=&#8221;||10px||false|false&#8221; global_colors_info=&#8221;{}&#8221;]@ET-DC@eyJkeW5hbWljIjp0cnVlLCJjb250ZW50IjoicG9zdF90aXRsZSIsInNldHRpbmdzIjp7ImJlZm9yZSI6IiIsImFmdGVyIjoiIn19@[\/et_pb_text][et_pb_text _builder_version=&#8221;4.27.0&#8243; _module_preset=&#8221;b104ef37-d0ef-4d09-8d3e-5689cc263159&#8243; global_colors_info=&#8221;{}&#8221;]<\/p>\n<p>Poyraz Maden est une soci\u00e9t\u00e9 internationale ind\u00e9pendante d&#039;ing\u00e9nierie, de strat\u00e9gie et de conseil, fond\u00e9e en 2022 avec plus de 40 ans d&#039;exp\u00e9rience dans l&#039;industrie, dont l&#039;objectif principal est de produire des services dans le domaine de l&#039;exploration, de l&#039;exploitation mini\u00e8re et du traitement des min\u00e9raux aux normes internationales pour les min\u00e9raux industriels, les m\u00e9taux de base et l&#039;or.<\/p>\n<p>\u2013 \u00c9laboration de strat\u00e9gies<br \/>\u2013 Recherche et d\u00e9veloppement<br \/>\u2013 Essais de traitement des min\u00e9raux<br \/>\u2013 \u00c9tude de port\u00e9e<br \/>\u2013 \u00c9valuation pr\u00e9-\u00e9conomique<br \/>\u2013 \u00c9tude pr\u00e9-\u00e9conomique<br \/>\u2013 \u00c9tude de faisabilit\u00e9<br \/>\u2013 Conseil EPC<br \/>\u2013 Conseil en gestion<br \/>\u2013 Conseil en approvisionnement<\/p>\n<p>[\/et_pb_text][et_pb_button button_url=&#8221;https:\/\/poyrazmaden.com\/iletisim&#8221; url_new_window=&#8221;on&#8221; button_text=&#8221;Contact Us&#8221; _builder_version=&#8221;4.27.0&#8243; _module_preset=&#8221;3a6b7273-f101-43f8-8d8f-e3d3c8771183&#8243; button_font=&#8221;|600|||||||&#8221; hover_enabled=&#8221;0&#8243; global_colors_info=&#8221;{}&#8221; sticky_enabled=&#8221;0&#8243;][\/et_pb_button][\/et_pb_column][\/et_pb_row][\/et_pb_section]<\/p>","protected":false},"excerpt":{"rendered":"<p>Poyraz Maden is an international independent engineering, strategy and consulting company, founded in 2022 with more than 40 years of experience in the industry, whose main goal is to produce services\u00a0in the field of exploration, mining and mineral processing at international standards for industrial minerals, base\u00a0 metals and gold. &#8211; Strategy development- Research &amp; development- [&hellip;]<\/p>","protected":false},"author":1,"featured_media":0,"parent":0,"menu_order":0,"comment_status":"closed","ping_status":"closed","template":"","meta":{"_et_pb_use_builder":"on","_et_pb_old_content":"<!-- wp:divi\/placeholder \/-->","_et_gb_content_width":"","footnotes":""},"class_list":["post-100","page","type-page","status-publish","hentry"],"_links":{"self":[{"href":"https:\/\/poyrazmaden.com\/fr\/wp-json\/wp\/v2\/pages\/100","targetHints":{"allow":["GET"]}}],"collection":[{"href":"https:\/\/poyrazmaden.com\/fr\/wp-json\/wp\/v2\/pages"}],"about":[{"href":"https:\/\/poyrazmaden.com\/fr\/wp-json\/wp\/v2\/types\/page"}],"author":[{"embeddable":true,"href":"https:\/\/poyrazmaden.com\/fr\/wp-json\/wp\/v2\/users\/1"}],"replies":[{"embeddable":true,"href":"https:\/\/poyrazmaden.com\/fr\/wp-json\/wp\/v2\/comments?post=100"}],"version-history":[{"count":19,"href":"https:\/\/poyrazmaden.com\/fr\/wp-json\/wp\/v2\/pages\/100\/revisions"}],"predecessor-version":[{"id":715,"href":"https:\/\/poyrazmaden.com\/fr\/wp-json\/wp\/v2\/pages\/100\/revisions\/715"}],"wp:attachment":[{"href":"https:\/\/poyrazmaden.com\/fr\/wp-json\/wp\/v2\/media?parent=100"}],"curies":[{"name":"wp","href":"https:\/\/api.w.org\/{rel}","templated":true}]}}